{"id":32,"date":"2012-09-24T15:18:52","date_gmt":"2012-09-24T15:18:52","guid":{"rendered":"http:\/\/lab.scfgroup.it\/www.clariter.it\/?page_id=32"},"modified":"2013-01-07T09:14:40","modified_gmt":"2013-01-07T09:14:40","slug":"business-consulting","status":"publish","type":"page","link":"https:\/\/www.innovarsi.it\/en\/services\/business-consulting\/","title":{"rendered":"Business Consulting"},"content":{"rendered":"<blockquote><p><strong>Clariter, oltre la consulenza<br \/>\n<\/strong><\/p><\/blockquote>\n<p style=\"text-align: justify;\">Oggi pi\u00f9 che mai le aziende devono essere nella condizione di poter far fronte ai rapidi cambiamenti, sia interni sia esterni, che il dinamico mercato globale impone, senza dover rinunciare alle performance e agli obiettivi prefissati.\u00a0 Clariter dispone di professionisti qualificati e certificati per supportare il Cliente nelle fasi pi\u00f9 delicate dei vari processi aziendali, sia in riferimento alle fasi strettamente tecniche\u00a0sia per consulenze riguardanti i processi direzionali e l\u2019intero ambito della gestione d\u2019impresa. In tale contesto, si inseriscono i servizi di Clariter e <a href=\"http:\/\/www.admiralpartner.com\/\"><strong>Admiral<\/strong><\/a> per l\u2019Interim Management, il Risk Management e il Revenue Management.<\/p>\n<p style=\"text-align: justify;\">L\u2019<strong>Interim Management <\/strong>\u00e8 un servizio che aiuta le aziende ad affrontare situazioni di cambiamento mediante inserimento temporaneo di professionisti esterni qualificati con deleghe operative, obiettivi e tempi predeterminati. Il <strong>Revenue Management<\/strong> \u00e8 una tecnica che si pone l\u2019obiettivo di ottimizzare le entrate acquisite tramite la vendita, allo scopo di aiutare i Clienti ad aumentare i ricavi e diminuire i costi.<\/p>\n<p style=\"text-align: justify;\">Clariter, da sempre attenta ad offrire ai propri Clienti le soluzioni migliori in termini di innovazione e ottimizzazione dei costi, per far fronte a queste sfide \u00e8 in grado di proporre <strong>soluzioni di flessibilit\u00e0 manageriale<\/strong> mediante l\u2019inserimento presso le aziende Clienti, per un periodo di tempo determinato, di professionisti con provata e riconosciuta esperienza imprenditoriale e manageriale. L\u2019Interim Management proposto da Clariter rappresenta la giusta soluzione per affiancare le aziende nello sviluppo di nuovi progetti, nella gestione di operazioni straordinarie o periodi di transizione, in caso di interventi di <strong>Cost Reduction <\/strong>e per fronteggiare eventuali altri eventi critici.<\/p>\n<p style=\"text-align: justify;\">In un mercato caratterizzato da forte instabilit\u00e0 ed incertezza, la gestione del rischio sta assumendo sempre pi\u00f9 un ruolo centrale nei processi direzionali. Il <strong>Risk Manager<\/strong> \u00e8 sempre pi\u00f9 attivamente coinvolto nei processi di <strong>Strategic Decision Making<\/strong>, con il ruolo di introdurre le logiche risk &amp; valued based nei processi direzionali di business. In una azienda che tenga conto di queste variabili, la centralit\u00e0 dell\u2019informazione trasforma l\u2019affidabilit\u00e0, la completezza, l\u2019esaustivit\u00e0 e la disponibilit\u00e0 dei dati in un obiettivo strategico di business, per decisioni mirate e profittevoli. Le scelte tecnologiche non sono mai fini a s\u00e8 stesse ma si motivano solo con lo stretto legame della gestione del business e dei rischi. La ricerca dell\u2019efficace controllo del rischio e la flessibilit\u00e0 operativa, sono condizioni necessarie per trasformare il veloce susseguirsi di cambiamenti in reale vantaggio competitivo.<\/p>\n<p style=\"text-align: justify;\">Grazie alla profonda conoscenza del mercato e\u00a0alla pluriennale esperienza, Clariter e <a href=\"http:\/\/www.admiralpartner.com\/\"><strong>Admiral<\/strong><\/a> sono in grado di affiancare il Cliente in modo rapido e personalizzato sulla base delle effettive esigenze, garantendo tempi di operativit\u00e0 estremamente ristretti ed una efficace affidabilit\u00e0 e tempestivit\u00e0 dei sistemi di analisi a supporto delle decisioni.<\/p>\n<p>&nbsp;<\/p>\n<p>&nbsp;<\/p>\n<p>&nbsp;<\/p>\n","protected":false},"excerpt":{"rendered":"<p>Clariter, oltre la consulenza Oggi pi\u00f9 che mai le aziende devono essere nella condizione di poter far fronte ai rapidi cambiamenti, sia interni sia esterni, che il dinamico mercato globale impone, senza dover rinunciare alle performance e agli obiettivi prefissati.\u00a0 Clariter dispone di professionisti qualificati e certificati per supportare il Cliente nelle fasi pi\u00f9 delicate [&hellip;]<\/p>\n","protected":false},"author":1,"featured_media":0,"parent":30,"menu_order":0,"comment_status":"open","ping_status":"open","template":"","meta":{"_acf_changed":false,"footnotes":""},"class_list":["post-32","page","type-page","status-publish","hentry"],"acf":[],"yoast_head":"<!-- This site is optimized with the Yoast SEO plugin v24.0 - https:\/\/yoast.com\/wordpress\/plugins\/seo\/ -->\n<title>-<\/title>\n<meta name=\"robots\" content=\"index, follow, max-snippet:-1, max-image-preview:large, max-video-preview:-1\" \/>\n<link rel=\"canonical\" href=\"https:\/\/www.innovarsi.it\/en\/services\/business-consulting\/\" \/>\n<meta property=\"og:locale\" content=\"en_US\" \/>\n<meta property=\"og:type\" content=\"article\" \/>\n<meta property=\"og:title\" content=\"-\" \/>\n<meta property=\"og:description\" content=\"Clariter, oltre la consulenza Oggi pi\u00f9 che mai le aziende devono essere nella condizione di poter far fronte ai rapidi cambiamenti, sia interni sia esterni, che il dinamico mercato globale impone, senza dover rinunciare alle performance e agli obiettivi prefissati.\u00a0 Clariter dispone di professionisti qualificati e certificati per supportare il Cliente nelle fasi pi\u00f9 delicate [&hellip;]\" \/>\n<meta property=\"og:url\" content=\"https:\/\/www.innovarsi.it\/en\/services\/business-consulting\/\" \/>\n<meta property=\"article:publisher\" content=\"https:\/\/www.facebook.com\/innovarsicustomercare\" \/>\n<meta property=\"article:modified_time\" content=\"2013-01-07T09:14:40+00:00\" \/>\n<meta property=\"og:image\" content=\"https:\/\/www.innovarsi.it\/wp-content\/uploads\/2016\/04\/logo-piccolo.jpg\" \/>\n<meta name=\"twitter:card\" content=\"summary_large_image\" \/>\n<meta name=\"twitter:label1\" content=\"Est. reading time\" \/>\n\t<meta name=\"twitter:data1\" content=\"2 minutes\" \/>\n<script type=\"application\/ld+json\" class=\"yoast-schema-graph\">{\"@context\":\"https:\/\/schema.org\",\"@graph\":[{\"@type\":\"WebPage\",\"@id\":\"https:\/\/www.innovarsi.it\/en\/services\/business-consulting\/\",\"url\":\"https:\/\/www.innovarsi.it\/en\/services\/business-consulting\/\",\"name\":\"-\",\"isPartOf\":{\"@id\":\"https:\/\/www.innovarsi.it\/#website\"},\"datePublished\":\"2012-09-24T15:18:52+00:00\",\"dateModified\":\"2013-01-07T09:14:40+00:00\",\"breadcrumb\":{\"@id\":\"https:\/\/www.innovarsi.it\/en\/services\/business-consulting\/#breadcrumb\"},\"inLanguage\":\"en-US\",\"potentialAction\":[{\"@type\":\"ReadAction\",\"target\":[\"https:\/\/www.innovarsi.it\/en\/services\/business-consulting\/\"]}]},{\"@type\":\"BreadcrumbList\",\"@id\":\"https:\/\/www.innovarsi.it\/en\/services\/business-consulting\/#breadcrumb\",\"itemListElement\":[{\"@type\":\"ListItem\",\"position\":1,\"name\":\"Home\",\"item\":\"https:\/\/www.innovarsi.it\/\"},{\"@type\":\"ListItem\",\"position\":2,\"name\":\"Soluzioni\",\"item\":\"https:\/\/www.innovarsi.it\/en\/services\/\"},{\"@type\":\"ListItem\",\"position\":3,\"name\":\"Business Consulting\"}]},{\"@type\":\"WebSite\",\"@id\":\"https:\/\/www.innovarsi.it\/#website\",\"url\":\"https:\/\/www.innovarsi.it\/\",\"name\":\"\",\"description\":\"\",\"potentialAction\":[{\"@type\":\"SearchAction\",\"target\":{\"@type\":\"EntryPoint\",\"urlTemplate\":\"https:\/\/www.innovarsi.it\/?s={search_term_string}\"},\"query-input\":{\"@type\":\"PropertyValueSpecification\",\"valueRequired\":true,\"valueName\":\"search_term_string\"}}],\"inLanguage\":\"en-US\"}]}<\/script>\n<!-- \/ Yoast SEO plugin. -->","yoast_head_json":{"title":"-","robots":{"index":"index","follow":"follow","max-snippet":"max-snippet:-1","max-image-preview":"max-image-preview:large","max-video-preview":"max-video-preview:-1"},"canonical":"https:\/\/www.innovarsi.it\/en\/services\/business-consulting\/","og_locale":"en_US","og_type":"article","og_title":"-","og_description":"Clariter, oltre la consulenza Oggi pi\u00f9 che mai le aziende devono essere nella condizione di poter far fronte ai rapidi cambiamenti, sia interni sia esterni, che il dinamico mercato globale impone, senza dover rinunciare alle performance e agli obiettivi prefissati.\u00a0 Clariter dispone di professionisti qualificati e certificati per supportare il Cliente nelle fasi pi\u00f9 delicate [&hellip;]","og_url":"https:\/\/www.innovarsi.it\/en\/services\/business-consulting\/","article_publisher":"https:\/\/www.facebook.com\/innovarsicustomercare","article_modified_time":"2013-01-07T09:14:40+00:00","og_image":[{"url":"https:\/\/www.innovarsi.it\/wp-content\/uploads\/2016\/04\/logo-piccolo.jpg","type":"","width":"","height":""}],"twitter_card":"summary_large_image","twitter_misc":{"Est. reading time":"2 minutes"},"schema":{"@context":"https:\/\/schema.org","@graph":[{"@type":"WebPage","@id":"https:\/\/www.innovarsi.it\/en\/services\/business-consulting\/","url":"https:\/\/www.innovarsi.it\/en\/services\/business-consulting\/","name":"-","isPartOf":{"@id":"https:\/\/www.innovarsi.it\/#website"},"datePublished":"2012-09-24T15:18:52+00:00","dateModified":"2013-01-07T09:14:40+00:00","breadcrumb":{"@id":"https:\/\/www.innovarsi.it\/en\/services\/business-consulting\/#breadcrumb"},"inLanguage":"en-US","potentialAction":[{"@type":"ReadAction","target":["https:\/\/www.innovarsi.it\/en\/services\/business-consulting\/"]}]},{"@type":"BreadcrumbList","@id":"https:\/\/www.innovarsi.it\/en\/services\/business-consulting\/#breadcrumb","itemListElement":[{"@type":"ListItem","position":1,"name":"Home","item":"https:\/\/www.innovarsi.it\/"},{"@type":"ListItem","position":2,"name":"Soluzioni","item":"https:\/\/www.innovarsi.it\/en\/services\/"},{"@type":"ListItem","position":3,"name":"Business Consulting"}]},{"@type":"WebSite","@id":"https:\/\/www.innovarsi.it\/#website","url":"https:\/\/www.innovarsi.it\/","name":"","description":"","potentialAction":[{"@type":"SearchAction","target":{"@type":"EntryPoint","urlTemplate":"https:\/\/www.innovarsi.it\/?s={search_term_string}"},"query-input":{"@type":"PropertyValueSpecification","valueRequired":true,"valueName":"search_term_string"}}],"inLanguage":"en-US"}]}},"_links":{"self":[{"href":"https:\/\/www.innovarsi.it\/en\/wp-json\/wp\/v2\/pages\/32","targetHints":{"allow":["GET"]}}],"collection":[{"href":"https:\/\/www.innovarsi.it\/en\/wp-json\/wp\/v2\/pages"}],"about":[{"href":"https:\/\/www.innovarsi.it\/en\/wp-json\/wp\/v2\/types\/page"}],"author":[{"embeddable":true,"href":"https:\/\/www.innovarsi.it\/en\/wp-json\/wp\/v2\/users\/1"}],"replies":[{"embeddable":true,"href":"https:\/\/www.innovarsi.it\/en\/wp-json\/wp\/v2\/comments?post=32"}],"version-history":[{"count":0,"href":"https:\/\/www.innovarsi.it\/en\/wp-json\/wp\/v2\/pages\/32\/revisions"}],"up":[{"embeddable":true,"href":"https:\/\/www.innovarsi.it\/en\/wp-json\/wp\/v2\/pages\/30"}],"wp:attachment":[{"href":"https:\/\/www.innovarsi.it\/en\/wp-json\/wp\/v2\/media?parent=32"}],"curies":[{"name":"wp","href":"https:\/\/api.w.org\/{rel}","templated":true}]}}